{"id":1656,"date":"2024-12-07T23:14:53","date_gmt":"2024-12-07T23:14:53","guid":{"rendered":"https:\/\/luisanguis.com\/?page_id=1656"},"modified":"2024-12-08T20:46:24","modified_gmt":"2024-12-08T20:46:24","slug":"articulo-fredric-dannen","status":"publish","type":"page","link":"https:\/\/luisanguis.com\/en\/articulo-fredric-dannen\/","title":{"rendered":"Art\u00edculo Fredric Dannen"},"content":{"rendered":"<div style=\"height:213px\" aria-hidden=\"true\" class=\"wp-block-spacer\"><\/div>\n\n\n\n<h2 class=\"wp-block-heading has-text-align-center\">Luis Alfredo Ang\u00fcis<br>The Future of the Double Bass<\/h2>\n\n\n\n<p class=\"has-text-align-center has-medium-font-size\">by Fredric Dannen<br>Classical music editor, Billboard<\/p>\n\n\n\n<div class=\"wp-block-uagb-container uagb-block-618c7cbd alignfull uagb-is-root-container\"><div class=\"uagb-container-inner-blocks-wrap\">\n<div class=\"wp-block-uagb-container uagb-block-fd95bfe3\"><\/div>\n\n\n\n<div class=\"wp-block-uagb-container uagb-block-62b122b1\">\n<p class=\"has-medium-font-size\">\"Classical music is now in a crisis,\" says the Mexican double bassist Luis Ang\u00fcis, a frequent soloist, and currently a member of the Sinaloa Symphony Orchestra of the Arts (OSSLA). \"My hope, my goal, is to play a part in preserving this vital art form.\" Those of us who have followed Ang\u00fcis's career have confidence in his ability to achieve his goal. His talents were on full display during two concerts this past spring in Mexico City, one at the Palacio de Bellas Artes, the other at the National Conservatory of Music. As a soloist with the Bellas Artes Chamber Orchestra, Ang\u00fcis performed the technically challenging Double Bass Concerto in F-sharp Minor by Serge Koussevitsky, who, in addition to leading the Boston Symphony\nOrchestra from 1924 to 1949, was a virtuoso double bassist.<br><br>Another recent career highlight was Ang\u00fcis's performance in the world premiere of Elegy for double bass and piano by Alberto Portillo, in February 2023, as part of the chamber music program of the OSSLA. The work was written for, and\ndedicated to Ang\u00fcis. Luis Ang\u00fcis's virtuosity is remarkable - all the more so on an instrument whose cumbersome size makes it harder to play\npassages that flow with greater ease on a violin, viola or cello. But in addition to virtuosity, there is artistry. Ang\u00fcis performs with the expressive lyricism one seldom equates with the double bass. Particularly impressive is his ability to navigate the\ninstrument's high register.<br><br>Luis Ang\u00fcis began his musical studies at the Superior School of Music of Sinaloa, and his potential was immediately apparent. In 2009, on a scholarship, he joined the Carlos Ch\u00e1vez Youth Symphony Orchestra, and meanwhile took classes with Klaus Stoll, the double bass first chair of the Berlin Philharmonic. Three years later, he moved to London, and studied with two other first chair players - Thomas Martin, of the London Symphony, and Dami\u00e1n Rubido Gonzales, of the\nBirmingham Symphony.\nThen, in France, he rounded out his studies with Thierry\nBarbe, double bass first chair at the Paris Opera - though \"rounded out\" is not quite right. Musicians with Ang\u00fcis's level\nof dedication never stop learning and studying.<br><br>In the world of jazz - a genre in which Ang\u00fcis is equally comfortable - double bass players have more opportunities to distinguish themselves. In classical music, most people think of the instrument as the deep, thumping workhorse that gives the orchestra more weight and heft. Ang\u00fcis deserves all the more credit for proving - as Domenico Dragonetti and Giovanni Bottesini did in the 18th and 19th centuries - that a classical\ndouble bassist can shine as a soloist.<\/p>\n\n\n\n<p class=\"has-medium-font-size\"><em>Fredric Dannen<\/em><\/p>\n<\/div>\n\n\n\n<div class=\"wp-block-uagb-container uagb-block-667e00bc\"><\/div>\n<\/div><\/div>\n\n\n\n<div class=\"wp-block-uagb-container uagb-block-79c711fc alignfull uagb-is-root-container\"><div class=\"uagb-container-inner-blocks-wrap\">\n<div class=\"wp-block-uagb-image alignleft uagb-block-0ddc1935 wp-block-uagb-image--layout-default wp-block-uagb-image--effect-static wp-block-uagb-image--align-left\"><figure class=\"wp-block-uagb-image__figure\"><img decoding=\"async\" srcset=\"https:\/\/luisanguis.com\/wp-content\/uploads\/2024\/12\/1290_catfred-1024x341.jpg ,https:\/\/luisanguis.com\/wp-content\/uploads\/2024\/12\/1290_catfred.jpg 780w, https:\/\/luisanguis.com\/wp-content\/uploads\/2024\/12\/1290_catfred.jpg 360w\" sizes=\"auto, (max-width: 480px) 150px\" src=\"https:\/\/luisanguis.com\/wp-content\/uploads\/2024\/12\/1290_catfred-1024x341.jpg\" alt=\"\" class=\"uag-image-1657\" width=\"368\" height=\"336\" title=\"1290_catfred\" loading=\"lazy\" role=\"img\"\/><\/figure><\/div>\n\n\n\n<div class=\"wp-block-uagb-container uagb-block-d9e4fa6f\">\n<div class=\"wp-block-uagb-info-box uagb-block-7edff046 uagb-infobox__content-wrap  uagb-infobox-icon-above-title uagb-infobox-image-valign-top\"><div class=\"uagb-ifb-content\"><div class=\"uagb-ifb-title-wrap\"><h2 class=\"uagb-ifb-title\">Fredric Dannen<\/h2><\/div><\/div><\/div>\n\n\n\n<p>Fredric Dannen is an American journalist and author. He is best known for his landmark book Hit Men: Powerbrokers and Fast Money Inside the Music Business (1990), which investigated the behind-the-scenes dealings of the major American record labels in the 1970s and 1980s, focussing on the careers of leading CBS Records executives Walter Yetnikoff and Dick Asher. Hit Men came in second on Billboard Magazine's list of \"100 Greatest Music Books of All Time.\"<br><br>More recently, Dannen was the co-author (with Barry Long) of Hong Kong Babylon: An Insider's Guide to the Hollywood of the East, in which Dannen examines the connections between the Hong Kong film industry and Asian organised crime.<br><br>Dannen was a contributing editor of Vanity Fair and in 1986 he was co-recipient of the Overseas Press Club's, Morton Frank Award for business reporting from abroad.[4] His articles have appeared in The New York Times, Channels, Barron's and Rolling Stone. The Martin Scorsese-produced movie Revenge of the Green Dragons was based on Frederick Dannen's New Yorker article chronicling Asian-American gang life in Queens, New York.<\/p>\n<\/div>\n<\/div><\/div>","protected":false},"excerpt":{"rendered":"<p>Luis Alfredo Ang\u00fcisEl Futuro Del Contrabajo por Fredric DannenEditor de m\u00fasica cl\u00e1sica, Billboard &#8220;La m\u00fasica cl\u00e1sica est\u00e1 ahora en crisis&#8221;, dice el contrabajista mexicano Luis Ang\u00fcis, frecuente solista y miembro actual de la Orquesta Sinf\u00f3nica Sinaloa de las Artes (OSSLA). &#8220;Mi esperanza, mi objetivo, es contribuir a preservar esta forma de arte tan vital&#8221;. Aquellos [&hellip;]<\/p>\n","protected":false},"author":1,"featured_media":0,"parent":0,"menu_order":0,"comment_status":"closed","ping_status":"closed","template":"","meta":{"_uag_custom_page_level_css":"","site-sidebar-layout":"default","site-content-layout":"","ast-site-content-layout":"default","site-content-style":"default","site-sidebar-style":"default","ast-global-header-display":"","ast-banner-title-visibility":"","ast-main-header-display":"","ast-hfb-above-header-display":"","ast-hfb-below-header-display":"","ast-hfb-mobile-header-display":"","site-post-title":"disabled","ast-breadcrumbs-content":"","ast-featured-img":"","footer-sml-layout":"","theme-transparent-header-meta":"","adv-header-id-meta":"","stick-header-meta":"","header-above-stick-meta":"","header-main-stick-meta":"","header-below-stick-meta":"","astra-migrate-meta-layouts":"set","ast-page-background-enabled":"default","ast-page-background-meta":{"desktop":{"background-color":"","background-image":"","background-repeat":"repeat","background-position":"center center","background-size":"auto","background-attachment":"scroll","background-type":"","background-media":"","overlay-type":"","overlay-color":"","overlay-opacity":"","overlay-gradient":""},"tablet":{"background-color":"","background-image":"","background-repeat":"repeat","background-position":"center center","background-size":"auto","background-attachment":"scroll","background-type":"","background-media":"","overlay-type":"","overlay-color":"","overlay-opacity":"","overlay-gradient":""},"mobile":{"background-color":"","background-image":"","background-repeat":"repeat","background-position":"center center","background-size":"auto","background-attachment":"scroll","background-type":"","background-media":"","overlay-type":"","overlay-color":"","overlay-opacity":"","overlay-gradient":""}},"ast-content-background-meta":{"desktop":{"background-color":"var(--ast-global-color-5)","background-image":"","background-repeat":"repeat","background-position":"center center","background-size":"auto","background-attachment":"scroll","background-type":"","background-media":"","overlay-type":"","overlay-color":"","overlay-opacity":"","overlay-gradient":""},"tablet":{"background-color":"var(--ast-global-color-5)","background-image":"","background-repeat":"repeat","background-position":"center center","background-size":"auto","background-attachment":"scroll","background-type":"","background-media":"","overlay-type":"","overlay-color":"","overlay-opacity":"","overlay-gradient":""},"mobile":{"background-color":"var(--ast-global-color-5)","background-image":"","background-repeat":"repeat","background-position":"center center","background-size":"auto","background-attachment":"scroll","background-type":"","background-media":"","overlay-type":"","overlay-color":"","overlay-opacity":"","overlay-gradient":""}},"footnotes":""},"class_list":["post-1656","page","type-page","status-publish","hentry"],"yoast_head":"<!-- This site is optimized with the Yoast SEO plugin v24.6 - https:\/\/yoast.com\/wordpress\/plugins\/seo\/ -->\n<title>Art\u00edculo Fredric Dannen | luisanguis.com<\/title>\n<meta name=\"description\" content=\"Luis Ang\u00fcis, solista y contrabajista. Debut\u00f3 como solista en la Orquesta Sinf\u00f3nica Sinaloa de las Artes. Asistente de principal en la Chamber Orchestra of Europe.\" \/>\n<meta name=\"robots\" content=\"index, follow, max-snippet:-1, max-image-preview:large, max-video-preview:-1\" \/>\n<link rel=\"canonical\" href=\"https:\/\/luisanguis.com\/en\/articulo-fredric-dannen\/\" \/>\n<meta property=\"og:locale\" content=\"en_US\" \/>\n<meta property=\"og:type\" content=\"article\" \/>\n<meta property=\"og:title\" content=\"Art\u00edculo Fredric Dannen | luisanguis.com\" \/>\n<meta property=\"og:description\" content=\"Luis Ang\u00fcis, solista y contrabajista. Debut\u00f3 como solista en la Orquesta Sinf\u00f3nica Sinaloa de las Artes. Asistente de principal en la Chamber Orchestra of Europe.\" \/>\n<meta property=\"og:url\" content=\"https:\/\/luisanguis.com\/en\/articulo-fredric-dannen\/\" \/>\n<meta property=\"og:site_name\" content=\"luisanguis.com\" \/>\n<meta property=\"article:modified_time\" content=\"2024-12-08T20:46:24+00:00\" \/>\n<meta property=\"og:image\" content=\"https:\/\/luisanguis.com\/wp-content\/uploads\/2024\/12\/1290_catfred-1024x341.jpg\" \/>\n<meta name=\"twitter:card\" content=\"summary_large_image\" \/>\n<meta name=\"twitter:label1\" content=\"Est. reading time\" \/>\n\t<meta name=\"twitter:data1\" content=\"4 minutes\" \/>\n<script type=\"application\/ld+json\" class=\"yoast-schema-graph\">{\"@context\":\"https:\/\/schema.org\",\"@graph\":[{\"@type\":[\"Article\",\"BlogPosting\"],\"@id\":\"https:\/\/luisanguis.com\/articulo-fredric-dannen\/#article\",\"isPartOf\":{\"@id\":\"https:\/\/luisanguis.com\/articulo-fredric-dannen\/\"},\"author\":{\"name\":\"morenolanceador@gmail.com\",\"@id\":\"https:\/\/luisanguis.com\/#\/schema\/person\/6679e5009b3deb4186c91ed1308c7b3a\"},\"headline\":\"Art\u00edculo Fredric Dannen\",\"datePublished\":\"2024-12-07T23:14:53+00:00\",\"dateModified\":\"2024-12-08T20:46:24+00:00\",\"mainEntityOfPage\":{\"@id\":\"https:\/\/luisanguis.com\/articulo-fredric-dannen\/\"},\"wordCount\":723,\"publisher\":{\"@id\":\"https:\/\/luisanguis.com\/#\/schema\/person\/6679e5009b3deb4186c91ed1308c7b3a\"},\"image\":{\"@id\":\"https:\/\/luisanguis.com\/articulo-fredric-dannen\/#primaryimage\"},\"thumbnailUrl\":\"https:\/\/luisanguis.com\/wp-content\/uploads\/2024\/12\/1290_catfred-1024x341.jpg\",\"inLanguage\":\"en-US\"},{\"@type\":\"WebPage\",\"@id\":\"https:\/\/luisanguis.com\/articulo-fredric-dannen\/\",\"url\":\"https:\/\/luisanguis.com\/articulo-fredric-dannen\/\",\"name\":\"Art\u00edculo Fredric Dannen | luisanguis.com\",\"isPartOf\":{\"@id\":\"https:\/\/luisanguis.com\/#website\"},\"primaryImageOfPage\":{\"@id\":\"https:\/\/luisanguis.com\/articulo-fredric-dannen\/#primaryimage\"},\"image\":{\"@id\":\"https:\/\/luisanguis.com\/articulo-fredric-dannen\/#primaryimage\"},\"thumbnailUrl\":\"https:\/\/luisanguis.com\/wp-content\/uploads\/2024\/12\/1290_catfred-1024x341.jpg\",\"datePublished\":\"2024-12-07T23:14:53+00:00\",\"dateModified\":\"2024-12-08T20:46:24+00:00\",\"description\":\"Luis Ang\u00fcis, solista y contrabajista. Debut\u00f3 como solista en la Orquesta Sinf\u00f3nica Sinaloa de las Artes. Asistente de principal en la Chamber Orchestra of Europe.\",\"breadcrumb\":{\"@id\":\"https:\/\/luisanguis.com\/articulo-fredric-dannen\/#breadcrumb\"},\"inLanguage\":\"en-US\",\"potentialAction\":[{\"@type\":\"ReadAction\",\"target\":[\"https:\/\/luisanguis.com\/articulo-fredric-dannen\/\"]}]},{\"@type\":\"ImageObject\",\"inLanguage\":\"en-US\",\"@id\":\"https:\/\/luisanguis.com\/articulo-fredric-dannen\/#primaryimage\",\"url\":\"https:\/\/luisanguis.com\/wp-content\/uploads\/2024\/12\/1290_catfred-1024x341.jpg\",\"contentUrl\":\"https:\/\/luisanguis.com\/wp-content\/uploads\/2024\/12\/1290_catfred-1024x341.jpg\"},{\"@type\":\"BreadcrumbList\",\"@id\":\"https:\/\/luisanguis.com\/articulo-fredric-dannen\/#breadcrumb\",\"itemListElement\":[{\"@type\":\"ListItem\",\"position\":1,\"name\":\"Inicio\",\"item\":\"https:\/\/luisanguis.com\/\"},{\"@type\":\"ListItem\",\"position\":2,\"name\":\"Art\u00edculo Fredric Dannen\"}]},{\"@type\":\"WebSite\",\"@id\":\"https:\/\/luisanguis.com\/#website\",\"url\":\"https:\/\/luisanguis.com\/\",\"name\":\"Luis Ang\u00fcis\",\"description\":\"Contrabajista y solista\",\"publisher\":{\"@id\":\"https:\/\/luisanguis.com\/#\/schema\/person\/6679e5009b3deb4186c91ed1308c7b3a\"},\"alternateName\":\"Luis Anguis\",\"potentialAction\":[{\"@type\":\"SearchAction\",\"target\":{\"@type\":\"EntryPoint\",\"urlTemplate\":\"https:\/\/luisanguis.com\/?s={search_term_string}\"},\"query-input\":{\"@type\":\"PropertyValueSpecification\",\"valueRequired\":true,\"valueName\":\"search_term_string\"}}],\"inLanguage\":\"en-US\"},{\"@type\":[\"Person\",\"Organization\"],\"@id\":\"https:\/\/luisanguis.com\/#\/schema\/person\/6679e5009b3deb4186c91ed1308c7b3a\",\"name\":\"morenolanceador@gmail.com\",\"image\":{\"@type\":\"ImageObject\",\"inLanguage\":\"en-US\",\"@id\":\"https:\/\/luisanguis.com\/#\/schema\/person\/image\/\",\"url\":\"https:\/\/luisanguis.com\/wp-content\/uploads\/2024\/11\/cropped-icono-1.png\",\"contentUrl\":\"https:\/\/luisanguis.com\/wp-content\/uploads\/2024\/11\/cropped-icono-1.png\",\"width\":4162,\"height\":1808,\"caption\":\"morenolanceador@gmail.com\"},\"logo\":{\"@id\":\"https:\/\/luisanguis.com\/#\/schema\/person\/image\/\"},\"sameAs\":[\"http:\/\/luisanguis.com\"]}]}<\/script>\n<!-- \/ Yoast SEO plugin. -->","yoast_head_json":{"title":"Art\u00edculo Fredric Dannen | luisanguis.com","description":"Luis Ang\u00fcis, solista y contrabajista. Debut\u00f3 como solista en la Orquesta Sinf\u00f3nica Sinaloa de las Artes. Asistente de principal en la Chamber Orchestra of Europe.","robots":{"index":"index","follow":"follow","max-snippet":"max-snippet:-1","max-image-preview":"max-image-preview:large","max-video-preview":"max-video-preview:-1"},"canonical":"https:\/\/luisanguis.com\/en\/articulo-fredric-dannen\/","og_locale":"en_US","og_type":"article","og_title":"Art\u00edculo Fredric Dannen | luisanguis.com","og_description":"Luis Ang\u00fcis, solista y contrabajista. Debut\u00f3 como solista en la Orquesta Sinf\u00f3nica Sinaloa de las Artes. Asistente de principal en la Chamber Orchestra of Europe.","og_url":"https:\/\/luisanguis.com\/en\/articulo-fredric-dannen\/","og_site_name":"luisanguis.com","article_modified_time":"2024-12-08T20:46:24+00:00","og_image":[{"url":"https:\/\/luisanguis.com\/wp-content\/uploads\/2024\/12\/1290_catfred-1024x341.jpg","type":"","width":"","height":""}],"twitter_card":"summary_large_image","twitter_misc":{"Est. reading time":"4 minutes"},"schema":{"@context":"https:\/\/schema.org","@graph":[{"@type":["Article","BlogPosting"],"@id":"https:\/\/luisanguis.com\/articulo-fredric-dannen\/#article","isPartOf":{"@id":"https:\/\/luisanguis.com\/articulo-fredric-dannen\/"},"author":{"name":"morenolanceador@gmail.com","@id":"https:\/\/luisanguis.com\/#\/schema\/person\/6679e5009b3deb4186c91ed1308c7b3a"},"headline":"Art\u00edculo Fredric Dannen","datePublished":"2024-12-07T23:14:53+00:00","dateModified":"2024-12-08T20:46:24+00:00","mainEntityOfPage":{"@id":"https:\/\/luisanguis.com\/articulo-fredric-dannen\/"},"wordCount":723,"publisher":{"@id":"https:\/\/luisanguis.com\/#\/schema\/person\/6679e5009b3deb4186c91ed1308c7b3a"},"image":{"@id":"https:\/\/luisanguis.com\/articulo-fredric-dannen\/#primaryimage"},"thumbnailUrl":"https:\/\/luisanguis.com\/wp-content\/uploads\/2024\/12\/1290_catfred-1024x341.jpg","inLanguage":"en-US"},{"@type":"WebPage","@id":"https:\/\/luisanguis.com\/articulo-fredric-dannen\/","url":"https:\/\/luisanguis.com\/articulo-fredric-dannen\/","name":"Art\u00edculo Fredric Dannen | luisanguis.com","isPartOf":{"@id":"https:\/\/luisanguis.com\/#website"},"primaryImageOfPage":{"@id":"https:\/\/luisanguis.com\/articulo-fredric-dannen\/#primaryimage"},"image":{"@id":"https:\/\/luisanguis.com\/articulo-fredric-dannen\/#primaryimage"},"thumbnailUrl":"https:\/\/luisanguis.com\/wp-content\/uploads\/2024\/12\/1290_catfred-1024x341.jpg","datePublished":"2024-12-07T23:14:53+00:00","dateModified":"2024-12-08T20:46:24+00:00","description":"Luis Ang\u00fcis, solista y contrabajista. Debut\u00f3 como solista en la Orquesta Sinf\u00f3nica Sinaloa de las Artes. Asistente de principal en la Chamber Orchestra of Europe.","breadcrumb":{"@id":"https:\/\/luisanguis.com\/articulo-fredric-dannen\/#breadcrumb"},"inLanguage":"en-US","potentialAction":[{"@type":"ReadAction","target":["https:\/\/luisanguis.com\/articulo-fredric-dannen\/"]}]},{"@type":"ImageObject","inLanguage":"en-US","@id":"https:\/\/luisanguis.com\/articulo-fredric-dannen\/#primaryimage","url":"https:\/\/luisanguis.com\/wp-content\/uploads\/2024\/12\/1290_catfred-1024x341.jpg","contentUrl":"https:\/\/luisanguis.com\/wp-content\/uploads\/2024\/12\/1290_catfred-1024x341.jpg"},{"@type":"BreadcrumbList","@id":"https:\/\/luisanguis.com\/articulo-fredric-dannen\/#breadcrumb","itemListElement":[{"@type":"ListItem","position":1,"name":"Inicio","item":"https:\/\/luisanguis.com\/"},{"@type":"ListItem","position":2,"name":"Art\u00edculo Fredric Dannen"}]},{"@type":"WebSite","@id":"https:\/\/luisanguis.com\/#website","url":"https:\/\/luisanguis.com\/","name":"Luis Ang\u00fcis","description":"Contrabajista y solista","publisher":{"@id":"https:\/\/luisanguis.com\/#\/schema\/person\/6679e5009b3deb4186c91ed1308c7b3a"},"alternateName":"Luis Anguis","potentialAction":[{"@type":"SearchAction","target":{"@type":"EntryPoint","urlTemplate":"https:\/\/luisanguis.com\/?s={search_term_string}"},"query-input":{"@type":"PropertyValueSpecification","valueRequired":true,"valueName":"search_term_string"}}],"inLanguage":"en-US"},{"@type":["Person","Organization"],"@id":"https:\/\/luisanguis.com\/#\/schema\/person\/6679e5009b3deb4186c91ed1308c7b3a","name":"morenolanceador@gmail.com","image":{"@type":"ImageObject","inLanguage":"en-US","@id":"https:\/\/luisanguis.com\/#\/schema\/person\/image\/","url":"https:\/\/luisanguis.com\/wp-content\/uploads\/2024\/11\/cropped-icono-1.png","contentUrl":"https:\/\/luisanguis.com\/wp-content\/uploads\/2024\/11\/cropped-icono-1.png","width":4162,"height":1808,"caption":"morenolanceador@gmail.com"},"logo":{"@id":"https:\/\/luisanguis.com\/#\/schema\/person\/image\/"},"sameAs":["http:\/\/luisanguis.com"]}]}},"uagb_featured_image_src":{"full":false,"thumbnail":false,"medium":false,"medium_large":false,"large":false,"1536x1536":false,"2048x2048":false,"trp-custom-language-flag":false},"uagb_author_info":{"display_name":"morenolanceador@gmail.com","author_link":"https:\/\/luisanguis.com\/en\/author\/morenolanceadorgmail-com\/"},"uagb_comment_info":0,"uagb_excerpt":"Luis Alfredo Ang\u00fcisEl Futuro Del Contrabajo por Fredric DannenEditor de m\u00fasica cl\u00e1sica, Billboard &#8220;La m\u00fasica cl\u00e1sica est\u00e1 ahora en crisis&#8221;, dice el contrabajista mexicano Luis Ang\u00fcis, frecuente solista y miembro actual de la Orquesta Sinf\u00f3nica Sinaloa de las Artes (OSSLA). &#8220;Mi esperanza, mi objetivo, es contribuir a preservar esta forma de arte tan vital&#8221;. Aquellos&hellip;","_links":{"self":[{"href":"https:\/\/luisanguis.com\/en\/wp-json\/wp\/v2\/pages\/1656","targetHints":{"allow":["GET"]}}],"collection":[{"href":"https:\/\/luisanguis.com\/en\/wp-json\/wp\/v2\/pages"}],"about":[{"href":"https:\/\/luisanguis.com\/en\/wp-json\/wp\/v2\/types\/page"}],"author":[{"embeddable":true,"href":"https:\/\/luisanguis.com\/en\/wp-json\/wp\/v2\/users\/1"}],"replies":[{"embeddable":true,"href":"https:\/\/luisanguis.com\/en\/wp-json\/wp\/v2\/comments?post=1656"}],"version-history":[{"count":5,"href":"https:\/\/luisanguis.com\/en\/wp-json\/wp\/v2\/pages\/1656\/revisions"}],"predecessor-version":[{"id":1687,"href":"https:\/\/luisanguis.com\/en\/wp-json\/wp\/v2\/pages\/1656\/revisions\/1687"}],"wp:attachment":[{"href":"https:\/\/luisanguis.com\/en\/wp-json\/wp\/v2\/media?parent=1656"}],"curies":[{"name":"wp","href":"https:\/\/api.w.org\/{rel}","templated":true}]}}