{"id":694,"date":"2024-11-23T18:15:12","date_gmt":"2024-11-23T18:15:12","guid":{"rendered":"http:\/\/luisanguis.com\/biography\/"},"modified":"2024-11-28T01:43:17","modified_gmt":"2024-11-28T01:43:17","slug":"biography","status":"publish","type":"page","link":"https:\/\/luisanguis.com\/en\/biography\/","title":{"rendered":"Biography"},"content":{"rendered":"<div class=\"wp-block-uagb-container uagb-block-513d8c4c alignfull uagb-is-root-container\"><div class=\"uagb-container-inner-blocks-wrap\">\n<div class=\"wp-block-uagb-advanced-heading uagb-block-343b39c6\"><h1 class=\"uagb-heading-text\">Biography<\/h1><\/div>\n\n\n\n<div class=\"wp-block-uagb-image uagb-block-cd440aaf wp-block-uagb-image--layout-default wp-block-uagb-image--effect-static wp-block-uagb-image--align-none\"><figure class=\"wp-block-uagb-image__figure\"><img decoding=\"async\" srcset=\"https:\/\/luisanguis.com\/wp-content\/uploads\/2024\/11\/IMG_9093-1024x683.jpg ,https:\/\/luisanguis.com\/wp-content\/uploads\/2024\/11\/IMG_9093-scaled.jpg 780w, https:\/\/luisanguis.com\/wp-content\/uploads\/2024\/11\/IMG_9093-scaled.jpg 360w\" sizes=\"auto, (max-width: 480px) 150px\" src=\"https:\/\/luisanguis.com\/wp-content\/uploads\/2024\/11\/IMG_9093-1024x683.jpg\" alt=\"\" class=\"uag-image-1325\" width=\"1024\" height=\"614\" title=\"IMG_9093\" loading=\"lazy\" role=\"img\"\/><\/figure><\/div>\n<\/div><\/div>\n\n\n\n<div class=\"wp-block-uagb-container uagb-block-1179214f alignfull uagb-is-root-container\"><div class=\"uagb-container-inner-blocks-wrap\">\n<div class=\"wp-block-uagb-advanced-heading uagb-block-ebbfa20d\"><h2 class=\"uagb-heading-text\">International double bassist and soloist.<\/h2><p class=\"uagb-desc-text\">Luis began his music studies at the Superior<br>School of Music with Javier Cruz<br>(Principal at the Mexico City Philharmonic<br>Orchestra and assistant at the Bellas Artes<br>Opera).<br><br>He continued his studies with an internship<br>with Damian Rubido in London (Birmingham<br>Symphony Orchestra) and in France<br>with Professor Thierry Barb\u00e9 (soloist of the Paris<br>Opera).<br>He was a member of the OSIM, Carlos Ch\u00e1vez<br>Symphony Orchestra, and was Assistant Principal<br>at the European Vacancy Chamber Music Orchestra.<br><br>In 2019, he was a soloist at the year-end performance<br>at the Instrumenta camp, and in 2016 he<br>was the only double bassist in the final of the Young<br>Soloists competition organized by the Mexico City Philharmonic<br>for all instrumentalists under<br>30 years of age.<br>In 2021, he won third place in the International<br>Orchestra Audition Awards organized by<br>Samnium University of Music and was a finalist in 2022.<br><br>In 2022, he made his debut as a soloist with his<br>orchestra, the Sinaloa Symphony Orchestra of the<br>Arts, performing the Grand Duo Concertant by G.<br>Bottesini, and in 2024, with the Bellas Artes<br>Chamber Orchestra, performing the<br>string version of the Double Bass Concerto by S.<br>Koussevitsky.<br><br>He premiered Nocturno by Max Torres<br>for double bass, and in 2023, composer Alberto Portillo<br>wrote Eleg\u00eda, a work dedicated to and<br>premiered by Luis.<\/p><\/div>\n\n\n\n<div class=\"wp-block-uagb-advanced-heading uagb-block-8ed128fe\"><h3 class=\"uagb-heading-text\">2016<\/h3><p class=\"uagb-desc-text\">Final of the Young Soloists competition organized by the Mexico City Philharmonic. <\/p><\/div>\n\n\n\n<div class=\"wp-block-uagb-advanced-heading uagb-block-1d20d8bb\"><h3 class=\"uagb-heading-text\">2019<\/h3><p class=\"uagb-desc-text\">Soloist at the year-end performance of the \"Instrumenta\"<em>festival.<\/em>.<\/p><\/div>\n\n\n\n<div class=\"wp-block-uagb-advanced-heading uagb-block-65915619\"><h3 class=\"uagb-heading-text\">2021<\/h3><p class=\"uagb-desc-text\">Winner of third place in the International <em>Orchestra Audition Awards<\/em> organized by<br>Samnium University of Music.<\/p><\/div>\n\n\n\n<div class=\"wp-block-uagb-advanced-heading uagb-block-4ba2531e\"><h3 class=\"uagb-heading-text\">2022<\/h3><p class=\"uagb-desc-text\">Finalist in the International <em>Orchestra Audition Awards<\/em> organized by<br>Samnium University of Music.<\/p><\/div>\n\n\n\n<div class=\"wp-block-uagb-advanced-heading uagb-block-4ba2531e\"><h3 class=\"uagb-heading-text\">2022<\/h3><p class=\"uagb-desc-text\">Debut as a soloist with the <em>Sinaloa Symphony Orchestra of the<br>Arts<\/em> performing the Grand Duo Concertante by G. Bottesini.<\/p><\/div>\n\n\n\n<div class=\"wp-block-uagb-advanced-heading uagb-block-4ba2531e\"><h3 class=\"uagb-heading-text\">2023<\/h3><p class=\"uagb-desc-text\">Premiere of Nocturno by Max Torres for double bass, and composer Alberto Portillo wrote Eleg\u00eda in 2023, a work dedicated to and premiered by Luis.<\/p><\/div>\n\n\n\n<div class=\"wp-block-uagb-advanced-heading uagb-block-4ba2531e\"><h3 class=\"uagb-heading-text\">2024<\/h3><p class=\"uagb-desc-text\">Performance as a soloist with the <em>Bellas Artes Chamber Orchestra,<\/em> performing the string version of the Double Bass Concerto by S. Koussevitsky.<\/p><\/div>\n<\/div><\/div>\n\n\n\n<div class=\"wp-block-uagb-container uagb-layout-flex uagb-block-45f29a09 alignfull uagb-is-root-container\">\n<div class=\"wp-block-uagb-container uagb-layout-grid uagb-block-8476b04a\">\n<div class=\"wp-block-uagb-image aligncenter uagb-block-314e9835 wp-block-uagb-image--layout-default wp-block-uagb-image--effect-static wp-block-uagb-image--align-center\"><figure class=\"wp-block-uagb-image__figure\"><img decoding=\"async\" srcset=\"https:\/\/luisanguis.com\/wp-content\/uploads\/2024\/11\/5N0A0150-1024x683.jpg ,https:\/\/luisanguis.com\/wp-content\/uploads\/2024\/11\/5N0A0150-scaled.jpg 780w, https:\/\/luisanguis.com\/wp-content\/uploads\/2024\/11\/5N0A0150-scaled.jpg 360w\" sizes=\"auto, (max-width: 480px) 150px\" src=\"https:\/\/luisanguis.com\/wp-content\/uploads\/2024\/11\/5N0A0150-1024x683.jpg\" alt=\"\" class=\"uag-image-1327\" width=\"365\" height=\"243\" title=\"5N0A0150\" loading=\"lazy\" role=\"img\"\/><\/figure><\/div>\n\n\n\n<div class=\"wp-block-uagb-image aligncenter uagb-block-5ebd6dd3 wp-block-uagb-image--layout-default wp-block-uagb-image--effect-static wp-block-uagb-image--align-center\"><figure class=\"wp-block-uagb-image__figure\"><img decoding=\"async\" srcset=\"https:\/\/luisanguis.com\/wp-content\/uploads\/2024\/11\/B801FF43-6EB7-47C3-9282-AA78CF1F54AE_1_105_c.jpeg ,https:\/\/luisanguis.com\/wp-content\/uploads\/2024\/11\/B801FF43-6EB7-47C3-9282-AA78CF1F54AE_1_105_c.jpeg 780w, https:\/\/luisanguis.com\/wp-content\/uploads\/2024\/11\/B801FF43-6EB7-47C3-9282-AA78CF1F54AE_1_105_c.jpeg 360w\" sizes=\"auto, (max-width: 480px) 150px\" src=\"https:\/\/luisanguis.com\/wp-content\/uploads\/2024\/11\/B801FF43-6EB7-47C3-9282-AA78CF1F54AE_1_105_c.jpeg\" alt=\"\" class=\"uag-image-1328\" width=\"196\" height=\"294\" title=\"B801FF43-6EB7-47C3-9282-AA78CF1F54AE_1_105_c\" loading=\"lazy\" role=\"img\"\/><\/figure><\/div>\n\n\n\n<div class=\"wp-block-uagb-image aligncenter uagb-block-71e69ebb wp-block-uagb-image--layout-default wp-block-uagb-image--effect-static wp-block-uagb-image--align-center\"><figure class=\"wp-block-uagb-image__figure\"><img decoding=\"async\" srcset=\"https:\/\/luisanguis.com\/wp-content\/uploads\/2024\/11\/5N0A0173-1024x683.jpg ,https:\/\/luisanguis.com\/wp-content\/uploads\/2024\/11\/5N0A0173-scaled.jpg 780w, https:\/\/luisanguis.com\/wp-content\/uploads\/2024\/11\/5N0A0173-scaled.jpg 360w\" sizes=\"auto, (max-width: 480px) 150px\" src=\"https:\/\/luisanguis.com\/wp-content\/uploads\/2024\/11\/5N0A0173-1024x683.jpg\" alt=\"\" class=\"uag-image-1329\" width=\"365\" height=\"243\" title=\"5N0A0173\" loading=\"lazy\" role=\"img\"\/><\/figure><\/div>\n\n\n\n<div class=\"wp-block-uagb-image aligncenter uagb-block-a05c3346 wp-block-uagb-image--layout-default wp-block-uagb-image--effect-static wp-block-uagb-image--align-center\"><figure class=\"wp-block-uagb-image__figure\"><img decoding=\"async\" srcset=\"https:\/\/luisanguis.com\/wp-content\/uploads\/2024\/11\/CB0D9B4C-FF63-4276-AA1E-6B6E111D3A91_1_105_c.jpeg ,https:\/\/luisanguis.com\/wp-content\/uploads\/2024\/11\/CB0D9B4C-FF63-4276-AA1E-6B6E111D3A91_1_105_c.jpeg 780w, https:\/\/luisanguis.com\/wp-content\/uploads\/2024\/11\/CB0D9B4C-FF63-4276-AA1E-6B6E111D3A91_1_105_c.jpeg 360w\" sizes=\"auto, (max-width: 480px) 150px\" src=\"https:\/\/luisanguis.com\/wp-content\/uploads\/2024\/11\/CB0D9B4C-FF63-4276-AA1E-6B6E111D3A91_1_105_c.jpeg\" alt=\"\" class=\"uag-image-1330\" width=\"196\" height=\"294\" title=\"CB0D9B4C-FF63-4276-AA1E-6B6E111D3A91_1_105_c\" loading=\"lazy\" role=\"img\"\/><\/figure><\/div>\n\n\n\n<div class=\"wp-block-uagb-image aligncenter uagb-block-d0cbd324 wp-block-uagb-image--layout-default wp-block-uagb-image--effect-static wp-block-uagb-image--align-center\"><figure class=\"wp-block-uagb-image__figure\"><img decoding=\"async\" srcset=\"https:\/\/luisanguis.com\/wp-content\/uploads\/2024\/11\/5N0A9907-1024x683.jpg ,https:\/\/luisanguis.com\/wp-content\/uploads\/2024\/11\/5N0A9907-scaled.jpg 780w, https:\/\/luisanguis.com\/wp-content\/uploads\/2024\/11\/5N0A9907-scaled.jpg 360w\" sizes=\"auto, (max-width: 480px) 150px\" src=\"https:\/\/luisanguis.com\/wp-content\/uploads\/2024\/11\/5N0A9907-1024x683.jpg\" alt=\"\" class=\"uag-image-1331\" width=\"365\" height=\"243\" title=\"5N0A9907\" loading=\"lazy\" role=\"img\"\/><\/figure><\/div>\n<\/div>\n<\/div>\n\n\n\n<p><\/p>","protected":false},"excerpt":{"rendered":"<p>Biograf\u00eda Contrabajista y solista internacional \u200b Luis inici\u00f3 sus estudios de m\u00fasica en la EscuelaSuperior de M\u00fasica con el maestro Javier Cruz(Principal en la Orquesta Filarmonica de laCiudad de M\u00e9xico y asistente en la \u00d3pera deBellas Artes. Continu\u00f3 sus estudios haciendo un interinatocon Damian Rubido en Londres (BirminghamSymphony Orchestra) y en Francia con elprofesor Thierry [&hellip;]<\/p>\n","protected":false},"author":1,"featured_media":0,"parent":0,"menu_order":0,"comment_status":"closed","ping_status":"closed","template":"","meta":{"_uag_custom_page_level_css":"","site-sidebar-layout":"no-sidebar","site-content-layout":"page-builder","ast-site-content-layout":"full-width-container","site-content-style":"unboxed","site-sidebar-style":"unboxed","ast-global-header-display":"","ast-banner-title-visibility":"","ast-main-header-display":"","ast-hfb-above-header-display":"","ast-hfb-below-header-display":"","ast-hfb-mobile-header-display":"","site-post-title":"disabled","ast-breadcrumbs-content":"","ast-featured-img":"disabled","footer-sml-layout":"","theme-transparent-header-meta":"enabled","adv-header-id-meta":"","stick-header-meta":"","header-above-stick-meta":"","header-main-stick-meta":"","header-below-stick-meta":"","astra-migrate-meta-layouts":"set","ast-page-background-enabled":"default","ast-page-background-meta":{"desktop":{"background-color":"","background-image":"","background-repeat":"repeat","background-position":"center center","background-size":"auto","background-attachment":"scroll","background-type":"","background-media":"","overlay-type":"","overlay-color":"","overlay-opacity":"","overlay-gradient":""},"tablet":{"background-color":"","background-image":"","background-repeat":"repeat","background-position":"center center","background-size":"auto","background-attachment":"scroll","background-type":"","background-media":"","overlay-type":"","overlay-color":"","overlay-opacity":"","overlay-gradient":""},"mobile":{"background-color":"","background-image":"","background-repeat":"repeat","background-position":"center center","background-size":"auto","background-attachment":"scroll","background-type":"","background-media":"","overlay-type":"","overlay-color":"","overlay-opacity":"","overlay-gradient":""}},"ast-content-background-meta":{"desktop":{"background-color":"var(--ast-global-color-5)","background-image":"","background-repeat":"repeat","background-position":"center center","background-size":"auto","background-attachment":"scroll","background-type":"","background-media":"","overlay-type":"","overlay-color":"","overlay-opacity":"","overlay-gradient":""},"tablet":{"background-color":"var(--ast-global-color-5)","background-image":"","background-repeat":"repeat","background-position":"center center","background-size":"auto","background-attachment":"scroll","background-type":"","background-media":"","overlay-type":"","overlay-color":"","overlay-opacity":"","overlay-gradient":""},"mobile":{"background-color":"var(--ast-global-color-5)","background-image":"","background-repeat":"repeat","background-position":"center center","background-size":"auto","background-attachment":"scroll","background-type":"","background-media":"","overlay-type":"","overlay-color":"","overlay-opacity":"","overlay-gradient":""}},"footnotes":""},"class_list":["post-694","page","type-page","status-publish","hentry"],"yoast_head":"<!-- This site is optimized with the Yoast SEO plugin v24.6 - https:\/\/yoast.com\/wordpress\/plugins\/seo\/ -->\n<title>Biography | luisanguis.com<\/title>\n<meta name=\"description\" content=\"Luis Ang\u00fcis, solista y contrabajista. Debut\u00f3 como solista en la Orquesta Sinf\u00f3nica Sinaloa de las Artes. Asistente de principal en la Chamber Orchestra of Europe.\" \/>\n<meta name=\"robots\" content=\"index, follow, max-snippet:-1, max-image-preview:large, max-video-preview:-1\" \/>\n<link rel=\"canonical\" href=\"https:\/\/luisanguis.com\/en\/biography\/\" \/>\n<meta property=\"og:locale\" content=\"en_US\" \/>\n<meta property=\"og:type\" content=\"article\" \/>\n<meta property=\"og:title\" content=\"Biography | luisanguis.com\" \/>\n<meta property=\"og:description\" content=\"Luis Ang\u00fcis, solista y contrabajista. Debut\u00f3 como solista en la Orquesta Sinf\u00f3nica Sinaloa de las Artes. Asistente de principal en la Chamber Orchestra of Europe.\" \/>\n<meta property=\"og:url\" content=\"https:\/\/luisanguis.com\/en\/biography\/\" \/>\n<meta property=\"og:site_name\" content=\"luisanguis.com\" \/>\n<meta property=\"article:modified_time\" content=\"2024-11-28T01:43:17+00:00\" \/>\n<meta property=\"og:image\" content=\"https:\/\/luisanguis.com\/wp-content\/uploads\/2024\/11\/IMG_9093-1024x683.jpg\" \/>\n<meta name=\"twitter:card\" content=\"summary_large_image\" \/>\n<meta name=\"twitter:label1\" content=\"Est. reading time\" \/>\n\t<meta name=\"twitter:data1\" content=\"3 minutes\" \/>\n<script type=\"application\/ld+json\" class=\"yoast-schema-graph\">{\"@context\":\"https:\/\/schema.org\",\"@graph\":[{\"@type\":[\"Article\",\"BlogPosting\"],\"@id\":\"https:\/\/luisanguis.com\/biography\/#article\",\"isPartOf\":{\"@id\":\"https:\/\/luisanguis.com\/biography\/\"},\"author\":{\"name\":\"morenolanceador@gmail.com\",\"@id\":\"https:\/\/luisanguis.com\/#\/schema\/person\/6679e5009b3deb4186c91ed1308c7b3a\"},\"headline\":\"Biography\",\"datePublished\":\"2024-11-23T18:15:12+00:00\",\"dateModified\":\"2024-11-28T01:43:17+00:00\",\"mainEntityOfPage\":{\"@id\":\"https:\/\/luisanguis.com\/biography\/\"},\"wordCount\":327,\"publisher\":{\"@id\":\"https:\/\/luisanguis.com\/#\/schema\/person\/6679e5009b3deb4186c91ed1308c7b3a\"},\"image\":{\"@id\":\"https:\/\/luisanguis.com\/biography\/#primaryimage\"},\"thumbnailUrl\":\"https:\/\/luisanguis.com\/wp-content\/uploads\/2024\/11\/IMG_9093-1024x683.jpg\",\"inLanguage\":\"en-US\"},{\"@type\":\"WebPage\",\"@id\":\"https:\/\/luisanguis.com\/biography\/\",\"url\":\"https:\/\/luisanguis.com\/biography\/\",\"name\":\"Biography | luisanguis.com\",\"isPartOf\":{\"@id\":\"https:\/\/luisanguis.com\/#website\"},\"primaryImageOfPage\":{\"@id\":\"https:\/\/luisanguis.com\/biography\/#primaryimage\"},\"image\":{\"@id\":\"https:\/\/luisanguis.com\/biography\/#primaryimage\"},\"thumbnailUrl\":\"https:\/\/luisanguis.com\/wp-content\/uploads\/2024\/11\/IMG_9093-1024x683.jpg\",\"datePublished\":\"2024-11-23T18:15:12+00:00\",\"dateModified\":\"2024-11-28T01:43:17+00:00\",\"description\":\"Luis Ang\u00fcis, solista y contrabajista. Debut\u00f3 como solista en la Orquesta Sinf\u00f3nica Sinaloa de las Artes. Asistente de principal en la Chamber Orchestra of Europe.\",\"breadcrumb\":{\"@id\":\"https:\/\/luisanguis.com\/biography\/#breadcrumb\"},\"inLanguage\":\"en-US\",\"potentialAction\":[{\"@type\":\"ReadAction\",\"target\":[\"https:\/\/luisanguis.com\/biography\/\"]}]},{\"@type\":\"ImageObject\",\"inLanguage\":\"en-US\",\"@id\":\"https:\/\/luisanguis.com\/biography\/#primaryimage\",\"url\":\"https:\/\/luisanguis.com\/wp-content\/uploads\/2024\/11\/IMG_9093-1024x683.jpg\",\"contentUrl\":\"https:\/\/luisanguis.com\/wp-content\/uploads\/2024\/11\/IMG_9093-1024x683.jpg\"},{\"@type\":\"BreadcrumbList\",\"@id\":\"https:\/\/luisanguis.com\/biography\/#breadcrumb\",\"itemListElement\":[{\"@type\":\"ListItem\",\"position\":1,\"name\":\"Inicio\",\"item\":\"https:\/\/luisanguis.com\/\"},{\"@type\":\"ListItem\",\"position\":2,\"name\":\"Biography\"}]},{\"@type\":\"WebSite\",\"@id\":\"https:\/\/luisanguis.com\/#website\",\"url\":\"https:\/\/luisanguis.com\/\",\"name\":\"Luis Ang\u00fcis\",\"description\":\"Contrabajista y solista\",\"publisher\":{\"@id\":\"https:\/\/luisanguis.com\/#\/schema\/person\/6679e5009b3deb4186c91ed1308c7b3a\"},\"alternateName\":\"Luis Anguis\",\"potentialAction\":[{\"@type\":\"SearchAction\",\"target\":{\"@type\":\"EntryPoint\",\"urlTemplate\":\"https:\/\/luisanguis.com\/?s={search_term_string}\"},\"query-input\":{\"@type\":\"PropertyValueSpecification\",\"valueRequired\":true,\"valueName\":\"search_term_string\"}}],\"inLanguage\":\"en-US\"},{\"@type\":[\"Person\",\"Organization\"],\"@id\":\"https:\/\/luisanguis.com\/#\/schema\/person\/6679e5009b3deb4186c91ed1308c7b3a\",\"name\":\"morenolanceador@gmail.com\",\"image\":{\"@type\":\"ImageObject\",\"inLanguage\":\"en-US\",\"@id\":\"https:\/\/luisanguis.com\/#\/schema\/person\/image\/\",\"url\":\"https:\/\/luisanguis.com\/wp-content\/uploads\/2024\/11\/cropped-icono-1.png\",\"contentUrl\":\"https:\/\/luisanguis.com\/wp-content\/uploads\/2024\/11\/cropped-icono-1.png\",\"width\":4162,\"height\":1808,\"caption\":\"morenolanceador@gmail.com\"},\"logo\":{\"@id\":\"https:\/\/luisanguis.com\/#\/schema\/person\/image\/\"},\"sameAs\":[\"http:\/\/luisanguis.com\"]}]}<\/script>\n<!-- \/ Yoast SEO plugin. -->","yoast_head_json":{"title":"Biography | luisanguis.com","description":"Luis Ang\u00fcis, solista y contrabajista. Debut\u00f3 como solista en la Orquesta Sinf\u00f3nica Sinaloa de las Artes. Asistente de principal en la Chamber Orchestra of Europe.","robots":{"index":"index","follow":"follow","max-snippet":"max-snippet:-1","max-image-preview":"max-image-preview:large","max-video-preview":"max-video-preview:-1"},"canonical":"https:\/\/luisanguis.com\/en\/biography\/","og_locale":"en_US","og_type":"article","og_title":"Biography | luisanguis.com","og_description":"Luis Ang\u00fcis, solista y contrabajista. Debut\u00f3 como solista en la Orquesta Sinf\u00f3nica Sinaloa de las Artes. Asistente de principal en la Chamber Orchestra of Europe.","og_url":"https:\/\/luisanguis.com\/en\/biography\/","og_site_name":"luisanguis.com","article_modified_time":"2024-11-28T01:43:17+00:00","og_image":[{"url":"https:\/\/luisanguis.com\/wp-content\/uploads\/2024\/11\/IMG_9093-1024x683.jpg","type":"","width":"","height":""}],"twitter_card":"summary_large_image","twitter_misc":{"Est. reading time":"3 minutes"},"schema":{"@context":"https:\/\/schema.org","@graph":[{"@type":["Article","BlogPosting"],"@id":"https:\/\/luisanguis.com\/biography\/#article","isPartOf":{"@id":"https:\/\/luisanguis.com\/biography\/"},"author":{"name":"morenolanceador@gmail.com","@id":"https:\/\/luisanguis.com\/#\/schema\/person\/6679e5009b3deb4186c91ed1308c7b3a"},"headline":"Biography","datePublished":"2024-11-23T18:15:12+00:00","dateModified":"2024-11-28T01:43:17+00:00","mainEntityOfPage":{"@id":"https:\/\/luisanguis.com\/biography\/"},"wordCount":327,"publisher":{"@id":"https:\/\/luisanguis.com\/#\/schema\/person\/6679e5009b3deb4186c91ed1308c7b3a"},"image":{"@id":"https:\/\/luisanguis.com\/biography\/#primaryimage"},"thumbnailUrl":"https:\/\/luisanguis.com\/wp-content\/uploads\/2024\/11\/IMG_9093-1024x683.jpg","inLanguage":"en-US"},{"@type":"WebPage","@id":"https:\/\/luisanguis.com\/biography\/","url":"https:\/\/luisanguis.com\/biography\/","name":"Biography | luisanguis.com","isPartOf":{"@id":"https:\/\/luisanguis.com\/#website"},"primaryImageOfPage":{"@id":"https:\/\/luisanguis.com\/biography\/#primaryimage"},"image":{"@id":"https:\/\/luisanguis.com\/biography\/#primaryimage"},"thumbnailUrl":"https:\/\/luisanguis.com\/wp-content\/uploads\/2024\/11\/IMG_9093-1024x683.jpg","datePublished":"2024-11-23T18:15:12+00:00","dateModified":"2024-11-28T01:43:17+00:00","description":"Luis Ang\u00fcis, solista y contrabajista. Debut\u00f3 como solista en la Orquesta Sinf\u00f3nica Sinaloa de las Artes. Asistente de principal en la Chamber Orchestra of Europe.","breadcrumb":{"@id":"https:\/\/luisanguis.com\/biography\/#breadcrumb"},"inLanguage":"en-US","potentialAction":[{"@type":"ReadAction","target":["https:\/\/luisanguis.com\/biography\/"]}]},{"@type":"ImageObject","inLanguage":"en-US","@id":"https:\/\/luisanguis.com\/biography\/#primaryimage","url":"https:\/\/luisanguis.com\/wp-content\/uploads\/2024\/11\/IMG_9093-1024x683.jpg","contentUrl":"https:\/\/luisanguis.com\/wp-content\/uploads\/2024\/11\/IMG_9093-1024x683.jpg"},{"@type":"BreadcrumbList","@id":"https:\/\/luisanguis.com\/biography\/#breadcrumb","itemListElement":[{"@type":"ListItem","position":1,"name":"Inicio","item":"https:\/\/luisanguis.com\/"},{"@type":"ListItem","position":2,"name":"Biography"}]},{"@type":"WebSite","@id":"https:\/\/luisanguis.com\/#website","url":"https:\/\/luisanguis.com\/","name":"Luis Ang\u00fcis","description":"Contrabajista y solista","publisher":{"@id":"https:\/\/luisanguis.com\/#\/schema\/person\/6679e5009b3deb4186c91ed1308c7b3a"},"alternateName":"Luis Anguis","potentialAction":[{"@type":"SearchAction","target":{"@type":"EntryPoint","urlTemplate":"https:\/\/luisanguis.com\/?s={search_term_string}"},"query-input":{"@type":"PropertyValueSpecification","valueRequired":true,"valueName":"search_term_string"}}],"inLanguage":"en-US"},{"@type":["Person","Organization"],"@id":"https:\/\/luisanguis.com\/#\/schema\/person\/6679e5009b3deb4186c91ed1308c7b3a","name":"morenolanceador@gmail.com","image":{"@type":"ImageObject","inLanguage":"en-US","@id":"https:\/\/luisanguis.com\/#\/schema\/person\/image\/","url":"https:\/\/luisanguis.com\/wp-content\/uploads\/2024\/11\/cropped-icono-1.png","contentUrl":"https:\/\/luisanguis.com\/wp-content\/uploads\/2024\/11\/cropped-icono-1.png","width":4162,"height":1808,"caption":"morenolanceador@gmail.com"},"logo":{"@id":"https:\/\/luisanguis.com\/#\/schema\/person\/image\/"},"sameAs":["http:\/\/luisanguis.com"]}]}},"uagb_featured_image_src":{"full":false,"thumbnail":false,"medium":false,"medium_large":false,"large":false,"1536x1536":false,"2048x2048":false,"trp-custom-language-flag":false},"uagb_author_info":{"display_name":"morenolanceador@gmail.com","author_link":"https:\/\/luisanguis.com\/en\/author\/morenolanceadorgmail-com\/"},"uagb_comment_info":0,"uagb_excerpt":"Biograf\u00eda Contrabajista y solista internacional \u200b Luis inici\u00f3 sus estudios de m\u00fasica en la EscuelaSuperior de M\u00fasica con el maestro Javier Cruz(Principal en la Orquesta Filarmonica de laCiudad de M\u00e9xico y asistente en la \u00d3pera deBellas Artes. Continu\u00f3 sus estudios haciendo un interinatocon Damian Rubido en Londres (BirminghamSymphony Orchestra) y en Francia con elprofesor Thierry&hellip;","_links":{"self":[{"href":"https:\/\/luisanguis.com\/en\/wp-json\/wp\/v2\/pages\/694","targetHints":{"allow":["GET"]}}],"collection":[{"href":"https:\/\/luisanguis.com\/en\/wp-json\/wp\/v2\/pages"}],"about":[{"href":"https:\/\/luisanguis.com\/en\/wp-json\/wp\/v2\/types\/page"}],"author":[{"embeddable":true,"href":"https:\/\/luisanguis.com\/en\/wp-json\/wp\/v2\/users\/1"}],"replies":[{"embeddable":true,"href":"https:\/\/luisanguis.com\/en\/wp-json\/wp\/v2\/comments?post=694"}],"version-history":[{"count":4,"href":"https:\/\/luisanguis.com\/en\/wp-json\/wp\/v2\/pages\/694\/revisions"}],"predecessor-version":[{"id":1641,"href":"https:\/\/luisanguis.com\/en\/wp-json\/wp\/v2\/pages\/694\/revisions\/1641"}],"wp:attachment":[{"href":"https:\/\/luisanguis.com\/en\/wp-json\/wp\/v2\/media?parent=694"}],"curies":[{"name":"wp","href":"https:\/\/api.w.org\/{rel}","templated":true}]}}