{"id":698,"date":"2024-11-23T18:15:12","date_gmt":"2024-11-23T18:15:12","guid":{"rendered":"http:\/\/luisanguis.com\/contact\/"},"modified":"2025-02-11T20:45:41","modified_gmt":"2025-02-11T20:45:41","slug":"contact","status":"publish","type":"page","link":"https:\/\/luisanguis.com\/en\/contact\/","title":{"rendered":"Contact"},"content":{"rendered":"<div class=\"wp-block-uagb-container uagb-block-72219a18 alignfull uagb-is-root-container\"><div class=\"uagb-container-inner-blocks-wrap\">\n<div class=\"wp-block-uagb-advanced-heading uagb-block-ba7b184b\"><h1 class=\"uagb-heading-text\">Contact<\/h1><\/div>\n\n\n\n<div class=\"wp-block-uagb-container uagb-layout-grid uagb-block-febb07d4\">\n<div class=\"wp-block-uagb-info-box uagb-block-11296ab8 uagb-infobox__content-wrap  uagb-infobox-icon-left-title uagb-infobox-left uagb-infobox-image-valign-top\"><div class=\"uagb-ifb-content\"><div class=\"uagb-ifb-left-title-image\"><div class=\"uagb-ifb-icon-wrap\"><svg xmlns=\"https:\/\/www.w3.org\/2000\/svg\" viewbox=\"0 0 512 512\"><path d=\"M464 64C490.5 64 512 85.49 512 112C512 127.1 504.9 141.3 492.8 150.4L275.2 313.6C263.8 322.1 248.2 322.1 236.8 313.6L19.2 150.4C7.113 141.3 0 127.1 0 112C0 85.49 21.49 64 48 64H464zM217.6 339.2C240.4 356.3 271.6 356.3 294.4 339.2L512 176V384C512 419.3 483.3 448 448 448H64C28.65 448 0 419.3 0 384V176L217.6 339.2z\"><\/path><\/svg><\/div><div class=\"uagb-ifb-title-wrap\"><h6 class=\"uagb-ifb-title\">Email Address<\/h6><\/div><\/div><p class=\"uagb-ifb-desc\">L.anguis@icloud.com<\/p><\/div><\/div>\n\n\n\n<div class=\"wp-block-uagb-info-box uagb-block-394eede8 uagb-infobox__content-wrap  uagb-infobox_cta-type-all uagb-infobox-icon-left-title uagb-infobox-left uagb-infobox-image-valign-top\"><a href=\"https:\/\/www.instagram.com\/anguisbass\/\" class=\"uagb-infobox-link-wrap uagb-infbox__link-to-all\" target=\"_self\" aria-label=\"Infobox Link\" rel=\"noopener noreferrer\" onclick=\"return true;\"><\/a><div class=\"uagb-ifb-content\"><div class=\"uagb-ifb-left-title-image\"><div class=\"uagb-ifb-icon-wrap\"><svg xmlns=\"https:\/\/www.w3.org\/2000\/svg\" viewbox=\"0 0 448 512\"><path d=\"M224.1 141c-63.6 0-114.9 51.3-114.9 114.9s51.3 114.9 114.9 114.9S339 319.5 339 255.9 287.7 141 224.1 141zm0 189.6c-41.1 0-74.7-33.5-74.7-74.7s33.5-74.7 74.7-74.7 74.7 33.5 74.7 74.7-33.6 74.7-74.7 74.7zm146.4-194.3c0 14.9-12 26.8-26.8 26.8-14.9 0-26.8-12-26.8-26.8s12-26.8 26.8-26.8 26.8 12 26.8 26.8zm76.1 27.2c-1.7-35.9-9.9-67.7-36.2-93.9-26.2-26.2-58-34.4-93.9-36.2-37-2.1-147.9-2.1-184.9 0-35.8 1.7-67.6 9.9-93.9 36.1s-34.4 58-36.2 93.9c-2.1 37-2.1 147.9 0 184.9 1.7 35.9 9.9 67.7 36.2 93.9s58 34.4 93.9 36.2c37 2.1 147.9 2.1 184.9 0 35.9-1.7 67.7-9.9 93.9-36.2 26.2-26.2 34.4-58 36.2-93.9 2.1-37 2.1-147.8 0-184.8zM398.8 388c-7.8 19.6-22.9 34.7-42.6 42.6-29.5 11.7-99.5 9-132.1 9s-102.7 2.6-132.1-9c-19.6-7.8-34.7-22.9-42.6-42.6-11.7-29.5-9-99.5-9-132.1s-2.6-102.7 9-132.1c7.8-19.6 22.9-34.7 42.6-42.6 29.5-11.7 99.5-9 132.1-9s102.7-2.6 132.1 9c19.6 7.8 34.7 22.9 42.6 42.6 11.7 29.5 9 99.5 9 132.1s2.7 102.7-9 132.1z\"><\/path><\/svg><\/div><div class=\"uagb-ifb-title-wrap\"><h6 class=\"uagb-ifb-title\">Instagram<\/h6><\/div><\/div><p class=\"uagb-ifb-desc\">@anguisbass<\/p><div class=\"uagb-ifb-button-wrapper wp-block-button\"><\/div><\/div><\/div>\n\n\n\n<div class=\"wp-block-uagb-info-box uagb-block-8670dc9d uagb-infobox__content-wrap  uagb-infobox_cta-type-all uagb-infobox-icon-left-title uagb-infobox-left uagb-infobox-image-valign-top\"><a href=\"https:\/\/www.youtube.com\/@luisanguis1\" class=\"uagb-infobox-link-wrap uagb-infbox__link-to-all\" target=\"_self\" aria-label=\"Infobox Link\" rel=\"noopener noreferrer\" onclick=\"return true;\"><\/a><div class=\"uagb-ifb-content\"><div class=\"uagb-ifb-left-title-image\"><div class=\"uagb-ifb-icon-wrap\"><svg xmlns=\"https:\/\/www.w3.org\/2000\/svg\" viewbox=\"0 0 576 512\"><path d=\"M549.7 124.1c-6.281-23.65-24.79-42.28-48.28-48.6C458.8 64 288 64 288 64S117.2 64 74.63 75.49c-23.5 6.322-42 24.95-48.28 48.6-11.41 42.87-11.41 132.3-11.41 132.3s0 89.44 11.41 132.3c6.281 23.65 24.79 41.5 48.28 47.82C117.2 448 288 448 288 448s170.8 0 213.4-11.49c23.5-6.321 42-24.17 48.28-47.82 11.41-42.87 11.41-132.3 11.41-132.3s0-89.44-11.41-132.3zm-317.5 213.5V175.2l142.7 81.21-142.7 81.2z\"><\/path><\/svg><\/div><div class=\"uagb-ifb-title-wrap\"><h6 class=\"uagb-ifb-title\">Youtube<\/h6><\/div><\/div><p class=\"uagb-ifb-desc\"><a href=\"http:\/\/www.youtube.com\/@luisanguis1\">@luisanguis1<\/a><\/p><div class=\"uagb-ifb-button-wrapper wp-block-button\"><\/div><\/div><\/div>\n<\/div>\n<\/div><\/div>\n\n\n\n<div class=\"wp-block-uagb-container uagb-block-7050678e alignfull uagb-is-root-container\"><div class=\"uagb-container-inner-blocks-wrap\">\n<div class=\"wp-block-uagb-image uagb-block-a6397c0d wp-block-uagb-image--layout-default wp-block-uagb-image--effect-static wp-block-uagb-image--align-none\"><figure class=\"wp-block-uagb-image__figure\"><img decoding=\"async\" srcset=\"https:\/\/luisanguis.com\/wp-content\/uploads\/2024\/11\/B801FF43-6EB7-47C3-9282-AA78CF1F54AE_1_105_c-1.jpeg ,https:\/\/luisanguis.com\/wp-content\/uploads\/2024\/11\/B801FF43-6EB7-47C3-9282-AA78CF1F54AE_1_105_c-1.jpeg 780w, https:\/\/luisanguis.com\/wp-content\/uploads\/2024\/11\/B801FF43-6EB7-47C3-9282-AA78CF1F54AE_1_105_c-1.jpeg 360w\" sizes=\"auto, (max-width: 480px) 150px\" src=\"https:\/\/luisanguis.com\/wp-content\/uploads\/2024\/11\/B801FF43-6EB7-47C3-9282-AA78CF1F54AE_1_105_c-1.jpeg\" alt=\"\" class=\"uag-image-1574\" width=\"793\" height=\"991\" title=\"B801FF43-6EB7-47C3-9282-AA78CF1F54AE_1_105_c\" loading=\"lazy\" role=\"img\"\/><\/figure><\/div>\n\n\n\n<div class=\"wp-block-uagb-container uagb-block-cc6e9844\">\n<div class=\"wp-block-uagb-info-box uagb-block-eee93e1e uagb-infobox__content-wrap  uagb-infobox-icon-above-title uagb-infobox-image-valign-top\"><div class=\"uagb-ifb-content\"><div class=\"uagb-ifb-title-wrap\"><h3 class=\"uagb-ifb-title\">Send a message.<\/h3><\/div><p class=\"uagb-ifb-desc\">Contact form.<\/p><\/div><\/div>\n\n\n\n<div class=\"wp-block-uagb-forms uagb-forms__outer-wrap uagb-block-4438fe63 uagb-forms__medium-btn\"><form class=\"uagb-forms-main-form\" method=\"post\" autocomplete=\"on\" name=\"uagb-form-4438fe63\" action=\"\">\n<div class=\"wp-block-uagb-forms-name uagb-forms-name-wrap uagb-forms-field-set uagb-block-3acb1589 uag-col-2\"><div class=\"uagb-forms-name-label required uagb-forms-input-label\" id=\"3acb1589\">First Name<\/div><input type=\"text\" placeholder=\"Name\" required class=\"uagb-forms-name-input uagb-forms-input\" name=\"3acb1589\" autocomplete=\"off\"\/><\/div>\n\n\n\n<div class=\"wp-block-uagb-forms-name uagb-forms-name-wrap uagb-forms-field-set uagb-block-97e5c4a7 uag-col-2\"><div class=\"uagb-forms-name-label required uagb-forms-input-label\" id=\"97e5c4a7\">Last Name<\/div><input type=\"text\" placeholder=\"Last Name\" required class=\"uagb-forms-name-input uagb-forms-input\" name=\"97e5c4a7\" autocomplete=\"off\"\/><\/div>\n\n\n\n<div class=\"wp-block-uagb-forms-email uagb-forms-email-wrap uagb-forms-field-set uagb-block-16057e6c\"><div class=\"uagb-forms-email-label required uagb-forms-input-label\" id=\"16057e6c\">Email<\/div><input type=\"email\" class=\"uagb-forms-email-input uagb-forms-input\" placeholder=\"Email Address\" required name=\"16057e6c\" autocomplete=\"email\"\/><\/div>\n\n\n\n<div class=\"wp-block-uagb-forms-textarea uagb-forms-textarea-wrap uagb-forms-field-set uagb-block-65fe4c64\"><div class=\"uagb-forms-textarea-label required uagb-forms-input-label\" id=\"65fe4c64\">Message<\/div><textarea required class=\"uagb-forms-textarea-input uagb-forms-input\" rows=\"4\" placeholder=\"Your Message\" name=\"65fe4c64\" autocomplete=\"off\"><\/textarea><\/div>\n<div class=\"uagb-forms-form-hidden-data\"><input type=\"hidden\" id=\"g-recaptcha-response\" class=\"uagb-forms-recaptcha\"\/><input type=\"hidden\" class=\"uagb_forms_form_label\" value=\"Spectra Form\"\/><input type=\"hidden\" class=\"uagb_forms_form_id\" value=\"uagb-form-4438fe63\"\/><\/div><div class=\"g-recaptcha uagb-forms-field-set\" data-sitekey=\"\"><\/div><div class=\"uagb-form-reacaptcha-error-4438fe63\"><\/div><div class=\"uagb-forms-main-submit-button-wrap wp-block-button\"><button class=\"uagb-forms-main-submit-button ast-outline-button\" style=\"border-width:revert-layer\"><div class=\"uagb-forms-main-submit-button-text\">Send<\/div><\/button><\/div><input type=\"hidden\" name=\"trp-form-language\" value=\"en\"\/><\/form><div class=\"uagb-forms-success-message-4438fe63 uagb-forms-submit-message-hide\"><span>Recib\u00ed tu mensaje. Pronto me pondr\u00e9 en contacto contigo.<\/span><\/div><div class=\"uagb-forms-failed-message-4438fe63 uagb-forms-submit-message-hide\"><span>Hubo un error al enviar el formulario. Por favor verifique todos los campos del formulario nuevamente.<\/span><\/div><\/div>\n<\/div>\n<\/div><\/div>","protected":false},"excerpt":{"rendered":"<p>Contact<\/p>","protected":false},"author":1,"featured_media":0,"parent":0,"menu_order":0,"comment_status":"closed","ping_status":"closed","template":"","meta":{"_uag_custom_page_level_css":"","site-sidebar-layout":"default","site-content-layout":"plain-container","ast-site-content-layout":"normal-width-container","site-content-style":"unboxed","site-sidebar-style":"unboxed","ast-global-header-display":"","ast-banner-title-visibility":"","ast-main-header-display":"","ast-hfb-above-header-display":"","ast-hfb-below-header-display":"","ast-hfb-mobile-header-display":"","site-post-title":"disabled","ast-breadcrumbs-content":"","ast-featured-img":"disabled","footer-sml-layout":"","theme-transparent-header-meta":"enabled","adv-header-id-meta":"","stick-header-meta":"","header-above-stick-meta":"","header-main-stick-meta":"","header-below-stick-meta":"","astra-migrate-meta-layouts":"set","ast-page-background-enabled":"default","ast-page-background-meta":{"desktop":{"background-color":"","background-image":"","background-repeat":"repeat","background-position":"center center","background-size":"auto","background-attachment":"scroll","background-type":"","background-media":"","overlay-type":"","overlay-color":"","overlay-opacity":"","overlay-gradient":""},"tablet":{"background-color":"","background-image":"","background-repeat":"repeat","background-position":"center center","background-size":"auto","background-attachment":"scroll","background-type":"","background-media":"","overlay-type":"","overlay-color":"","overlay-opacity":"","overlay-gradient":""},"mobile":{"background-color":"","background-image":"","background-repeat":"repeat","background-position":"center center","background-size":"auto","background-attachment":"scroll","background-type":"","background-media":"","overlay-type":"","overlay-color":"","overlay-opacity":"","overlay-gradient":""}},"ast-content-background-meta":{"desktop":{"background-color":"var(--ast-global-color-5)","background-image":"","background-repeat":"repeat","background-position":"center center","background-size":"auto","background-attachment":"scroll","background-type":"","background-media":"","overlay-type":"","overlay-color":"","overlay-opacity":"","overlay-gradient":""},"tablet":{"background-color":"var(--ast-global-color-5)","background-image":"","background-repeat":"repeat","background-position":"center center","background-size":"auto","background-attachment":"scroll","background-type":"","background-media":"","overlay-type":"","overlay-color":"","overlay-opacity":"","overlay-gradient":""},"mobile":{"background-color":"var(--ast-global-color-5)","background-image":"","background-repeat":"repeat","background-position":"center center","background-size":"auto","background-attachment":"scroll","background-type":"","background-media":"","overlay-type":"","overlay-color":"","overlay-opacity":"","overlay-gradient":""}},"footnotes":""},"class_list":["post-698","page","type-page","status-publish","hentry"],"yoast_head":"<!-- This site is optimized with the Yoast SEO plugin v24.6 - https:\/\/yoast.com\/wordpress\/plugins\/seo\/ -->\n<title>Contacto | luisanguis.com<\/title>\n<meta name=\"description\" content=\"Luis Ang\u00fcis, solista y contrabajista. Debut\u00f3 como solista en la Orquesta Sinf\u00f3nica Sinaloa de las Artes. Asistente de principal en la Chamber Orchestra of Europe.\" \/>\n<meta name=\"robots\" content=\"index, follow, max-snippet:-1, max-image-preview:large, max-video-preview:-1\" \/>\n<link rel=\"canonical\" href=\"https:\/\/luisanguis.com\/en\/contact\/\" \/>\n<meta property=\"og:locale\" content=\"en_US\" \/>\n<meta property=\"og:type\" content=\"article\" \/>\n<meta property=\"og:title\" content=\"Contacto | luisanguis.com\" \/>\n<meta property=\"og:description\" content=\"Luis Ang\u00fcis, solista y contrabajista. Debut\u00f3 como solista en la Orquesta Sinf\u00f3nica Sinaloa de las Artes. Asistente de principal en la Chamber Orchestra of Europe.\" \/>\n<meta property=\"og:url\" content=\"https:\/\/luisanguis.com\/en\/contact\/\" \/>\n<meta property=\"og:site_name\" content=\"luisanguis.com\" \/>\n<meta property=\"article:modified_time\" content=\"2025-02-11T20:45:41+00:00\" \/>\n<meta property=\"og:image\" content=\"https:\/\/luisanguis.com\/wp-content\/uploads\/2024\/11\/B801FF43-6EB7-47C3-9282-AA78CF1F54AE_1_105_c-1.jpeg\" \/>\n<meta name=\"twitter:card\" content=\"summary_large_image\" \/>\n<meta name=\"twitter:label1\" content=\"Est. reading time\" \/>\n\t<meta name=\"twitter:data1\" content=\"1 minute\" \/>\n<script type=\"application\/ld+json\" class=\"yoast-schema-graph\">{\"@context\":\"https:\/\/schema.org\",\"@graph\":[{\"@type\":[\"Article\",\"BlogPosting\"],\"@id\":\"https:\/\/luisanguis.com\/contact\/#article\",\"isPartOf\":{\"@id\":\"https:\/\/luisanguis.com\/contact\/\"},\"author\":{\"name\":\"morenolanceador@gmail.com\",\"@id\":\"https:\/\/luisanguis.com\/#\/schema\/person\/6679e5009b3deb4186c91ed1308c7b3a\"},\"headline\":\"Contacto\",\"datePublished\":\"2024-11-23T18:15:12+00:00\",\"dateModified\":\"2025-02-11T20:45:41+00:00\",\"mainEntityOfPage\":{\"@id\":\"https:\/\/luisanguis.com\/contact\/\"},\"wordCount\":51,\"publisher\":{\"@id\":\"https:\/\/luisanguis.com\/#\/schema\/person\/6679e5009b3deb4186c91ed1308c7b3a\"},\"image\":{\"@id\":\"https:\/\/luisanguis.com\/contact\/#primaryimage\"},\"thumbnailUrl\":\"https:\/\/luisanguis.com\/wp-content\/uploads\/2024\/11\/B801FF43-6EB7-47C3-9282-AA78CF1F54AE_1_105_c-1.jpeg\",\"inLanguage\":\"en-US\"},{\"@type\":\"WebPage\",\"@id\":\"https:\/\/luisanguis.com\/contact\/\",\"url\":\"https:\/\/luisanguis.com\/contact\/\",\"name\":\"Contacto | luisanguis.com\",\"isPartOf\":{\"@id\":\"https:\/\/luisanguis.com\/#website\"},\"primaryImageOfPage\":{\"@id\":\"https:\/\/luisanguis.com\/contact\/#primaryimage\"},\"image\":{\"@id\":\"https:\/\/luisanguis.com\/contact\/#primaryimage\"},\"thumbnailUrl\":\"https:\/\/luisanguis.com\/wp-content\/uploads\/2024\/11\/B801FF43-6EB7-47C3-9282-AA78CF1F54AE_1_105_c-1.jpeg\",\"datePublished\":\"2024-11-23T18:15:12+00:00\",\"dateModified\":\"2025-02-11T20:45:41+00:00\",\"description\":\"Luis Ang\u00fcis, solista y contrabajista. Debut\u00f3 como solista en la Orquesta Sinf\u00f3nica Sinaloa de las Artes. Asistente de principal en la Chamber Orchestra of Europe.\",\"breadcrumb\":{\"@id\":\"https:\/\/luisanguis.com\/contact\/#breadcrumb\"},\"inLanguage\":\"en-US\",\"potentialAction\":[{\"@type\":\"ReadAction\",\"target\":[\"https:\/\/luisanguis.com\/contact\/\"]}]},{\"@type\":\"ImageObject\",\"inLanguage\":\"en-US\",\"@id\":\"https:\/\/luisanguis.com\/contact\/#primaryimage\",\"url\":\"https:\/\/luisanguis.com\/wp-content\/uploads\/2024\/11\/B801FF43-6EB7-47C3-9282-AA78CF1F54AE_1_105_c-1.jpeg\",\"contentUrl\":\"https:\/\/luisanguis.com\/wp-content\/uploads\/2024\/11\/B801FF43-6EB7-47C3-9282-AA78CF1F54AE_1_105_c-1.jpeg\"},{\"@type\":\"BreadcrumbList\",\"@id\":\"https:\/\/luisanguis.com\/contact\/#breadcrumb\",\"itemListElement\":[{\"@type\":\"ListItem\",\"position\":1,\"name\":\"Inicio\",\"item\":\"https:\/\/luisanguis.com\/\"},{\"@type\":\"ListItem\",\"position\":2,\"name\":\"Contacto\"}]},{\"@type\":\"WebSite\",\"@id\":\"https:\/\/luisanguis.com\/#website\",\"url\":\"https:\/\/luisanguis.com\/\",\"name\":\"Luis Ang\u00fcis\",\"description\":\"Contrabajista y solista\",\"publisher\":{\"@id\":\"https:\/\/luisanguis.com\/#\/schema\/person\/6679e5009b3deb4186c91ed1308c7b3a\"},\"alternateName\":\"Luis Anguis\",\"potentialAction\":[{\"@type\":\"SearchAction\",\"target\":{\"@type\":\"EntryPoint\",\"urlTemplate\":\"https:\/\/luisanguis.com\/?s={search_term_string}\"},\"query-input\":{\"@type\":\"PropertyValueSpecification\",\"valueRequired\":true,\"valueName\":\"search_term_string\"}}],\"inLanguage\":\"en-US\"},{\"@type\":[\"Person\",\"Organization\"],\"@id\":\"https:\/\/luisanguis.com\/#\/schema\/person\/6679e5009b3deb4186c91ed1308c7b3a\",\"name\":\"morenolanceador@gmail.com\",\"image\":{\"@type\":\"ImageObject\",\"inLanguage\":\"en-US\",\"@id\":\"https:\/\/luisanguis.com\/#\/schema\/person\/image\/\",\"url\":\"https:\/\/luisanguis.com\/wp-content\/uploads\/2024\/11\/cropped-icono-1.png\",\"contentUrl\":\"https:\/\/luisanguis.com\/wp-content\/uploads\/2024\/11\/cropped-icono-1.png\",\"width\":4162,\"height\":1808,\"caption\":\"morenolanceador@gmail.com\"},\"logo\":{\"@id\":\"https:\/\/luisanguis.com\/#\/schema\/person\/image\/\"},\"sameAs\":[\"http:\/\/luisanguis.com\"]}]}<\/script>\n<!-- \/ Yoast SEO plugin. -->","yoast_head_json":{"title":"Contacto | luisanguis.com","description":"Luis Ang\u00fcis, solista y contrabajista. Debut\u00f3 como solista en la Orquesta Sinf\u00f3nica Sinaloa de las Artes. Asistente de principal en la Chamber Orchestra of Europe.","robots":{"index":"index","follow":"follow","max-snippet":"max-snippet:-1","max-image-preview":"max-image-preview:large","max-video-preview":"max-video-preview:-1"},"canonical":"https:\/\/luisanguis.com\/en\/contact\/","og_locale":"en_US","og_type":"article","og_title":"Contacto | luisanguis.com","og_description":"Luis Ang\u00fcis, solista y contrabajista. Debut\u00f3 como solista en la Orquesta Sinf\u00f3nica Sinaloa de las Artes. Asistente de principal en la Chamber Orchestra of Europe.","og_url":"https:\/\/luisanguis.com\/en\/contact\/","og_site_name":"luisanguis.com","article_modified_time":"2025-02-11T20:45:41+00:00","og_image":[{"url":"https:\/\/luisanguis.com\/wp-content\/uploads\/2024\/11\/B801FF43-6EB7-47C3-9282-AA78CF1F54AE_1_105_c-1.jpeg","type":"","width":"","height":""}],"twitter_card":"summary_large_image","twitter_misc":{"Est. reading time":"1 minute"},"schema":{"@context":"https:\/\/schema.org","@graph":[{"@type":["Article","BlogPosting"],"@id":"https:\/\/luisanguis.com\/contact\/#article","isPartOf":{"@id":"https:\/\/luisanguis.com\/contact\/"},"author":{"name":"morenolanceador@gmail.com","@id":"https:\/\/luisanguis.com\/#\/schema\/person\/6679e5009b3deb4186c91ed1308c7b3a"},"headline":"Contacto","datePublished":"2024-11-23T18:15:12+00:00","dateModified":"2025-02-11T20:45:41+00:00","mainEntityOfPage":{"@id":"https:\/\/luisanguis.com\/contact\/"},"wordCount":51,"publisher":{"@id":"https:\/\/luisanguis.com\/#\/schema\/person\/6679e5009b3deb4186c91ed1308c7b3a"},"image":{"@id":"https:\/\/luisanguis.com\/contact\/#primaryimage"},"thumbnailUrl":"https:\/\/luisanguis.com\/wp-content\/uploads\/2024\/11\/B801FF43-6EB7-47C3-9282-AA78CF1F54AE_1_105_c-1.jpeg","inLanguage":"en-US"},{"@type":"WebPage","@id":"https:\/\/luisanguis.com\/contact\/","url":"https:\/\/luisanguis.com\/contact\/","name":"Contacto | luisanguis.com","isPartOf":{"@id":"https:\/\/luisanguis.com\/#website"},"primaryImageOfPage":{"@id":"https:\/\/luisanguis.com\/contact\/#primaryimage"},"image":{"@id":"https:\/\/luisanguis.com\/contact\/#primaryimage"},"thumbnailUrl":"https:\/\/luisanguis.com\/wp-content\/uploads\/2024\/11\/B801FF43-6EB7-47C3-9282-AA78CF1F54AE_1_105_c-1.jpeg","datePublished":"2024-11-23T18:15:12+00:00","dateModified":"2025-02-11T20:45:41+00:00","description":"Luis Ang\u00fcis, solista y contrabajista. Debut\u00f3 como solista en la Orquesta Sinf\u00f3nica Sinaloa de las Artes. Asistente de principal en la Chamber Orchestra of Europe.","breadcrumb":{"@id":"https:\/\/luisanguis.com\/contact\/#breadcrumb"},"inLanguage":"en-US","potentialAction":[{"@type":"ReadAction","target":["https:\/\/luisanguis.com\/contact\/"]}]},{"@type":"ImageObject","inLanguage":"en-US","@id":"https:\/\/luisanguis.com\/contact\/#primaryimage","url":"https:\/\/luisanguis.com\/wp-content\/uploads\/2024\/11\/B801FF43-6EB7-47C3-9282-AA78CF1F54AE_1_105_c-1.jpeg","contentUrl":"https:\/\/luisanguis.com\/wp-content\/uploads\/2024\/11\/B801FF43-6EB7-47C3-9282-AA78CF1F54AE_1_105_c-1.jpeg"},{"@type":"BreadcrumbList","@id":"https:\/\/luisanguis.com\/contact\/#breadcrumb","itemListElement":[{"@type":"ListItem","position":1,"name":"Inicio","item":"https:\/\/luisanguis.com\/"},{"@type":"ListItem","position":2,"name":"Contacto"}]},{"@type":"WebSite","@id":"https:\/\/luisanguis.com\/#website","url":"https:\/\/luisanguis.com\/","name":"Luis Ang\u00fcis","description":"Contrabajista y solista","publisher":{"@id":"https:\/\/luisanguis.com\/#\/schema\/person\/6679e5009b3deb4186c91ed1308c7b3a"},"alternateName":"Luis Anguis","potentialAction":[{"@type":"SearchAction","target":{"@type":"EntryPoint","urlTemplate":"https:\/\/luisanguis.com\/?s={search_term_string}"},"query-input":{"@type":"PropertyValueSpecification","valueRequired":true,"valueName":"search_term_string"}}],"inLanguage":"en-US"},{"@type":["Person","Organization"],"@id":"https:\/\/luisanguis.com\/#\/schema\/person\/6679e5009b3deb4186c91ed1308c7b3a","name":"morenolanceador@gmail.com","image":{"@type":"ImageObject","inLanguage":"en-US","@id":"https:\/\/luisanguis.com\/#\/schema\/person\/image\/","url":"https:\/\/luisanguis.com\/wp-content\/uploads\/2024\/11\/cropped-icono-1.png","contentUrl":"https:\/\/luisanguis.com\/wp-content\/uploads\/2024\/11\/cropped-icono-1.png","width":4162,"height":1808,"caption":"morenolanceador@gmail.com"},"logo":{"@id":"https:\/\/luisanguis.com\/#\/schema\/person\/image\/"},"sameAs":["http:\/\/luisanguis.com"]}]}},"uagb_featured_image_src":{"full":false,"thumbnail":false,"medium":false,"medium_large":false,"large":false,"1536x1536":false,"2048x2048":false,"trp-custom-language-flag":false},"uagb_author_info":{"display_name":"morenolanceador@gmail.com","author_link":"https:\/\/luisanguis.com\/en\/author\/morenolanceadorgmail-com\/"},"uagb_comment_info":0,"uagb_excerpt":"Contacto","_links":{"self":[{"href":"https:\/\/luisanguis.com\/en\/wp-json\/wp\/v2\/pages\/698","targetHints":{"allow":["GET"]}}],"collection":[{"href":"https:\/\/luisanguis.com\/en\/wp-json\/wp\/v2\/pages"}],"about":[{"href":"https:\/\/luisanguis.com\/en\/wp-json\/wp\/v2\/types\/page"}],"author":[{"embeddable":true,"href":"https:\/\/luisanguis.com\/en\/wp-json\/wp\/v2\/users\/1"}],"replies":[{"embeddable":true,"href":"https:\/\/luisanguis.com\/en\/wp-json\/wp\/v2\/comments?post=698"}],"version-history":[{"count":11,"href":"https:\/\/luisanguis.com\/en\/wp-json\/wp\/v2\/pages\/698\/revisions"}],"predecessor-version":[{"id":1689,"href":"https:\/\/luisanguis.com\/en\/wp-json\/wp\/v2\/pages\/698\/revisions\/1689"}],"wp:attachment":[{"href":"https:\/\/luisanguis.com\/en\/wp-json\/wp\/v2\/media?parent=698"}],"curies":[{"name":"wp","href":"https:\/\/api.w.org\/{rel}","templated":true}]}}